{"id":2315,"date":"2018-01-16T10:11:37","date_gmt":"2018-01-16T10:11:37","guid":{"rendered":"http:\/\/ranbron.bolvo.com\/?page_id=2315"},"modified":"2020-07-29T23:44:48","modified_gmt":"2020-07-29T23:44:48","slug":"about","status":"publish","type":"page","link":"https:\/\/www.linkzartec.com\/?page_id=2315","title":{"rendered":"Nosotros"},"content":{"rendered":"<p>[vc_row full_width=\u00bbstretch_row\u00bb el_class=\u00bbabout-section about-page\u00bb css=\u00bb.vc_custom_1531366134122{padding-bottom: 40px !important;}\u00bb][vc_column][vc_column_text]<\/p>\n<h2 class=\"font_2\" style=\"text-align: center;\"><span class=\"color_15\">\u00bfQuienes somos?<\/span><\/h2>\n<p>[\/vc_column_text][vc_empty_space height=\u00bb30px\u00bb][\/vc_column][\/vc_row][vc_row full_width=\u00bbstretch_row\u00bb el_class=\u00bbmission-history-area\u00bb css=\u00bb.vc_custom_1531366187529{padding-bottom: 40px !important;}\u00bb][vc_column width=\u00bb1\/3&#8243; el_class=\u00bbsec-title\u00bb][vc_empty_space][vc_column_text]<\/p>\n<h3>MISI\u00d3N<\/h3>\n<div class=\"line\"><\/div>\n<p>[\/vc_column_text][vc_column_text el_class=\u00bbmisson-content\u00bb]Somos una compa\u00f1\u00eda orientada por la honestidad, la responsabilidad y eficiencia que entiende las necesidades tecnol\u00f3gicas en las \u00e1reas de NETWORKING, INFRAESTRUCTURA TECNOL\u00d3GICA y SEGURIDAD, de sus clientes para desarrollar, integrar e implementar soluciones tecnol\u00f3gicas a la medida que satisfagan dichas necesidades y permitan el desarrollo de nuestro pa\u00eds.[\/vc_column_text][vc_empty_space height=\u00bb38px\u00bb][vc_column_text]<\/p>\n<h3>VISI\u00d3N<\/h3>\n<div class=\"line\"><\/div>\n<p>[\/vc_column_text][vc_column_text el_class=\u00bbhistory-content\u00bb]<\/p>\n<p style=\"text-align: left;\">Liderar el mercado Ecuatoriano de soluciones tecnol\u00f3gicas tanto en Software y Hardware, mediante un profundo y sincero compromiso en el desarrollo, comercializaci\u00f3n e implementaci\u00f3n de nuevos sistemas de Infraestructura Tecnol\u00f3gica.<\/p>\n<p>[\/vc_column_text][\/vc_column][vc_column width=\u00bb1\/3&#8243; el_class=\u00bbsec-title\u00bb][vc_empty_space][vc_column_text]<\/p>\n<h3>Pol\u00edtica de Calidad<\/h3>\n<div class=\"line\"><\/div>\n<p>[\/vc_column_text][vc_column_text el_class=\u00bbmisson-content\u00bb]<\/p>\n<p style=\"text-align: left;\">LINKZARTEC CIA. LTDA. es una empresa dedicada a la Instalaci\u00f3n y mantenimiento de infraestructura el\u00e9ctrica, electr\u00f3nica y equipos de seguridad en los Sectores de Telecomunicaciones y Construcci\u00f3n y a la Comercializaci\u00f3n de equipos electr\u00f3nicos comprometidos con la satisfacci\u00f3n de los requerimientos de nuestros clientes y el cumplimiento de los requisitos aplicables, mediante el mejoramiento continuo y la eficacia del sistema de gesti\u00f3n de calidad.<\/p>\n<p>[\/vc_column_text][\/vc_column][vc_column width=\u00bb1\/3&#8243;][vc_single_image image=\u00bb2951&#8243; img_size=\u00bbfull\u00bb][vc_single_image image=\u00bb2875&#8243; img_size=\u00bbfull\u00bb][\/vc_column][\/vc_row][vc_row full_width=\u00bbstretch_row\u00bb el_class=\u00bbservice-home-one\u00bb][vc_column][tt_vc_title_shortcode up_title=\u00bb\u00bfPORQU\u00c9 SOMOS SU MEJOR OPCI\u00d3N?\u00bb type=\u00bblight\u00bb]\u00a1No compre problemas, COMPRE SEGURIDAD![\/tt_vc_title_shortcode][vc_row_inner][vc_column_inner width=\u00bb1\/3&#8243;][vc_single_image image=\u00bb2871&#8243; img_size=\u00bbfull\u00bb][vc_column_text]<\/p>\n<h2 style=\"color: #ffffff; text-align: center;\">VIDEO VIGILANCIA<\/h2>\n<p>[\/vc_column_text][vc_column_text]<\/p>\n<p style=\"color: #ffffff; text-align: center;\">Si ya tiene un equipo y quiere poner m\u00e1s c\u00e1maras o renovarlo por uno de mejores caracter\u00edsticas, permitanos asesorale.<\/p>\n<p>[\/vc_column_text][\/vc_column_inner][vc_column_inner width=\u00bb1\/3&#8243;][vc_single_image image=\u00bb2872&#8243; img_size=\u00bbfull\u00bb][vc_column_text]<\/p>\n<h2 style=\"color: #ffffff; text-align: center;\">CONTROL DE ACCESO<\/h2>\n<p>[\/vc_column_text][vc_column_text]<\/p>\n<p style=\"color: #ffffff; text-align: center;\">Se ha distinguido en el mercado Ecuatoriano por ofrecer soluciones \u00f3ptimas y de vanguardia tecnol\u00f3gica a sus clientes en el ramo de la seguridad.<\/p>\n<p>[\/vc_column_text][\/vc_column_inner][vc_column_inner width=\u00bb1\/3&#8243;][vc_single_image image=\u00bb2873&#8243; img_size=\u00bbfull\u00bb][vc_column_text]<\/p>\n<h2 style=\"color: #ffffff; text-align: center;\">DETECCI\u00d3N DE INCENDIOS<\/h2>\n<p>[\/vc_column_text][vc_column_text]<\/p>\n<p style=\"color: #ffffff; text-align: center;\">Nuestras soluciones abarcan el dise\u00f1o, suministro, instalaci\u00f3n, puesta en marcha y mantenimiento de toda la gama de productos relacionados a la protecci\u00f3n contra incendio<\/p>\n<p>[\/vc_column_text][\/vc_column_inner][\/vc_row_inner][\/vc_column][\/vc_row]<\/p>\n","protected":false},"excerpt":{"rendered":"<p>[vc_row full_width=\u00bbstretch_row\u00bb el_class=\u00bbabout-section about-page\u00bb css=\u00bb.vc_custom_1531366134122{padding-bottom: 40px !important;}\u00bb][vc_column][vc_column_text] \u00bfQuienes somos? [\/vc_column_text][vc_empty_space height=\u00bb30px\u00bb][\/vc_column][\/vc_row][vc_row full_width=\u00bbstretch_row\u00bb el_class=\u00bbmission-history-area\u00bb css=\u00bb.vc_custom_1531366187529{padding-bottom: 40px !important;}\u00bb][vc_column width=\u00bb1\/3&#8243; el_class=\u00bbsec-title\u00bb][vc_empty_space][vc_column_text] MISI\u00d3N [\/vc_column_text][vc_column_text el_class=\u00bbmisson-content\u00bb]Somos una compa\u00f1\u00eda orientada por la honestidad, la responsabilidad y eficiencia que entiende las necesidades tecnol\u00f3gicas en las \u00e1reas de NETWORKING, INFRAESTRUCTURA TECNOL\u00d3GICA y SEGURIDAD, de sus clientes para desarrollar, integrar e implementar soluciones tecnol\u00f3gicas [&hellip;]<\/p>\n","protected":false},"author":1,"featured_media":0,"parent":0,"menu_order":0,"comment_status":"closed","ping_status":"closed","template":"","meta":{"footnotes":""},"class_list":["post-2315","page","type-page","status-publish","hentry"],"_links":{"self":[{"href":"https:\/\/www.linkzartec.com\/index.php?rest_route=\/wp\/v2\/pages\/2315"}],"collection":[{"href":"https:\/\/www.linkzartec.com\/index.php?rest_route=\/wp\/v2\/pages"}],"about":[{"href":"https:\/\/www.linkzartec.com\/index.php?rest_route=\/wp\/v2\/types\/page"}],"author":[{"embeddable":true,"href":"https:\/\/www.linkzartec.com\/index.php?rest_route=\/wp\/v2\/users\/1"}],"replies":[{"embeddable":true,"href":"https:\/\/www.linkzartec.com\/index.php?rest_route=%2Fwp%2Fv2%2Fcomments&post=2315"}],"version-history":[{"count":5,"href":"https:\/\/www.linkzartec.com\/index.php?rest_route=\/wp\/v2\/pages\/2315\/revisions"}],"predecessor-version":[{"id":2878,"href":"https:\/\/www.linkzartec.com\/index.php?rest_route=\/wp\/v2\/pages\/2315\/revisions\/2878"}],"wp:attachment":[{"href":"https:\/\/www.linkzartec.com\/index.php?rest_route=%2Fwp%2Fv2%2Fmedia&parent=2315"}],"curies":[{"name":"wp","href":"https:\/\/api.w.org\/{rel}","templated":true}]}}